{"id":2,"date":"2022-09-01T08:16:48","date_gmt":"2022-09-01T08:16:48","guid":{"rendered":"http:\/\/utmot.mekorganic.com\/?page_id=2"},"modified":"2022-09-18T23:11:55","modified_gmt":"2022-09-18T16:11:55","slug":"sample-page","status":"publish","type":"page","link":"https:\/\/utmot.mekorganic.com\/","title":{"rendered":"Welcome"},"content":{"rendered":"\n<h1>\u00dat M\u00f3t<\/h1>\n\n\n\n<p><br><\/p>\n\n\n\n<h2 class=\"has-text-align-center\">Xin Ch\u00e0o!<\/h2>\n\n\n\n<p><br><\/p>\n\n\n\n<p class=\"has-text-align-right\">&#8220;M\u00ecnh l\u00e0 M\u00f3t, c\u00f4 g\u00e1i mi\u1ec1n T\u00e2y \u0111ang t\u1eadp l\u1edbn \u1edf S\u00e0i G\u00f2n.<\/p>\n\n\n\n<p class=\"has-text-align-right\">C\u1ea3m \u01a1n m\u1ecdi ng\u01b0\u1eddi \u0111\u00e3 gh\u00e9 th\u0103m nh\u00e0 c\u1ee7a M\u00f3t<br>n\u01a1i t\u00e2m h\u1ed3n m\u00ecnh \u0111\u01b0\u1ee3c th\u1ecfa th\u00edch bay b\u1ed5ng v\u1edbi ng\u00f4n t\u1eeb.<\/p>\n\n\n\n<p class=\"has-text-align-right\">M\u1eddi c\u00e1c b\u1ea1n v\u00e0o nh\u00e0!&#8221;<\/p>\n\n\n\n<p><\/p>\n","protected":false},"excerpt":{"rendered":"<p>\u00dat M\u00f3t Xin Ch\u00e0o! &#8220;M\u00ecnh l\u00e0 M\u00f3t, c\u00f4 g\u00e1i mi\u1ec1n T\u00e2y \u0111ang t\u1eadp l\u1edbn \u1edf S\u00e0i G\u00f2n. C\u1ea3m \u01a1n m\u1ecdi ng\u01b0\u1eddi \u0111\u00e3 gh\u00e9 th\u0103m nh\u00e0 c\u1ee7a M\u00f3tn\u01a1i t\u00e2m h\u1ed3n m\u00ecnh \u0111\u01b0\u1ee3c th\u1ecfa th\u00edch bay b\u1ed5ng v\u1edbi ng\u00f4n t\u1eeb. M\u1eddi c\u00e1c b\u1ea1n v\u00e0o nh\u00e0!&#8221;<\/p>\n","protected":false},"author":1,"featured_media":0,"parent":0,"menu_order":0,"comment_status":"closed","ping_status":"open","template":"","meta":{"om_disable_all_campaigns":false,"_mi_skip_tracking":false},"aioseo_notices":[],"_links":{"self":[{"href":"https:\/\/utmot.mekorganic.com\/index.php\/wp-json\/wp\/v2\/pages\/2"}],"collection":[{"href":"https:\/\/utmot.mekorganic.com\/index.php\/wp-json\/wp\/v2\/pages"}],"about":[{"href":"https:\/\/utmot.mekorganic.com\/index.php\/wp-json\/wp\/v2\/types\/page"}],"author":[{"embeddable":true,"href":"https:\/\/utmot.mekorganic.com\/index.php\/wp-json\/wp\/v2\/users\/1"}],"replies":[{"embeddable":true,"href":"https:\/\/utmot.mekorganic.com\/index.php\/wp-json\/wp\/v2\/comments?post=2"}],"version-history":[{"count":3,"href":"https:\/\/utmot.mekorganic.com\/index.php\/wp-json\/wp\/v2\/pages\/2\/revisions"}],"predecessor-version":[{"id":60,"href":"https:\/\/utmot.mekorganic.com\/index.php\/wp-json\/wp\/v2\/pages\/2\/revisions\/60"}],"wp:attachment":[{"href":"https:\/\/utmot.mekorganic.com\/index.php\/wp-json\/wp\/v2\/media?parent=2"}],"curies":[{"name":"wp","href":"https:\/\/api.w.org\/{rel}","templated":true}]}}